{"id":12288,"date":"2025-11-07T07:19:16","date_gmt":"2025-11-07T06:19:16","guid":{"rendered":"https:\/\/cc.markeasy.lu\/eu-cookie-richtlinie\/"},"modified":"2026-04-14T10:30:16","modified_gmt":"2026-04-14T08:30:16","slug":"eu-cookie-richtlinie","status":"publish","type":"page","link":"https:\/\/cc.markeasy.lu\/de\/eu-cookie-richtlinie\/","title":{"rendered":"EU-Cookie-Richtlinie"},"content":{"rendered":"\t\t<div data-elementor-type=\"wp-page\" data-elementor-id=\"12288\" class=\"elementor elementor-12288 elementor-3694\" data-elementor-post-type=\"page\">\n\t\t\t\t<div class=\"elementor-element elementor-element-c911b25 e-flex e-con-boxed e-con e-parent\" data-id=\"c911b25\" data-element_type=\"container\" data-e-type=\"container\" data-settings=\"{&quot;background_background&quot;:&quot;classic&quot;}\">\n\t\t\t\t\t<div class=\"e-con-inner\">\n\t\t\t\t<div class=\"elementor-element elementor-element-2862eb2 elementor-widget__width-inherit elementor-widget elementor-widget-heading\" data-id=\"2862eb2\" data-element_type=\"widget\" data-e-type=\"widget\" data-widget_type=\"heading.default\">\n\t\t\t\t<div class=\"elementor-widget-container\">\n\t\t\t\t\t<h1 class=\"elementor-heading-title elementor-size-default\">EU-Cookie-Richtlinie<\/h1>\t\t\t\t<\/div>\n\t\t\t\t<\/div>\n\t\t\t\t<div class=\"elementor-element elementor-element-b69ce79 elementor-widget elementor-widget-text-editor\" data-id=\"b69ce79\" data-element_type=\"widget\" data-e-type=\"widget\" data-widget_type=\"text-editor.default\">\n\t\t\t\t<div class=\"elementor-widget-container\">\n\t\t\t\t\t\t\t\t\t<h3>Cookie-Richtlinie (EU)<\/h3>\n<p>Diese Cookie-Richtlinie wurde zuletzt am 1. Februar 2024 aktualisiert und gilt f\u00fcr B\u00fcrger und rechtm\u00e4\u00dfige Daueraufenthaltsberechtigte des Europ\u00e4ischen Wirtschaftsraums und der Schweiz.<\/p>\n\n<h3>1. Einleitung<\/h3>\n<p>Unsere Website, https:\/\/www.campuscontern.lu (im Folgenden: \u201edie Website\u201c), verwendet Cookies und \u00e4hnliche Technologien (der Einfachheit halber werden all diese Technologien als \u201eCookies\u201c bezeichnet). Cookies werden auch von Dritten platziert, die wir beauftragt haben. Im Folgenden informieren wir Sie \u00fcber die Verwendung von Cookies auf unserer Website.  <\/p>\n\n<h3>2. Was sind Cookies?<\/h3>\n<p>Ein Cookie ist eine kleine, einfache Datei, die mit den Seiten dieser Website gesendet und von Ihrem Browser auf der Festplatte Ihres Computers oder eines anderen Ger\u00e4ts gespeichert wird. Die darin gespeicherten Informationen k\u00f6nnen bei einem sp\u00e4teren Besuch an unsere Server oder an die Server der betreffenden Drittparteien zur\u00fcckgesendet werden. <\/p>\n\n<h3>3. Was sind Skripte?<\/h3>\n<p>Ein Skript ist ein Codeelement, das verwendet wird, damit unsere Website korrekt und interaktiv funktioniert. Dieser Code wird auf unserem Server oder auf Ihrem Ger\u00e4t ausgef\u00fchrt. <\/p>\n\n<h3>4. Was ist ein unsichtbares Pixel?<\/h3>\n<p>Ein unsichtbares Pixel (oder Web-Beacon) ist ein kleines, unsichtbares Text- oder Bildelement auf einer Website, das zur Verfolgung des Website-Traffics verwendet wird. Dazu werden verschiedene Daten \u00fcber Sie mithilfe unsichtbarer Pixel gespeichert. <\/p>\n\n<h3>5. Cookies<\/h3>\n\n<h3>5.1 Technische oder funktionale Cookies<\/h3>\n<p>Bestimmte Cookies gew\u00e4hrleisten das korrekte Funktionieren bestimmter Teile der Website und ber\u00fccksichtigen Ihre Pr\u00e4ferenzen als Internetnutzer. Durch das Setzen funktionaler Cookies erleichtern wir Ihnen den Besuch unserer Website. So m\u00fcssen Sie bei einem Besuch unserer Website nicht wiederholt dieselben Informationen eingeben, und beispielsweise bleiben Artikel bis zu Ihrer Zahlung in Ihrem Warenkorb. Wir k\u00f6nnen diese Cookies ohne Ihre Zustimmung platzieren.   <\/p>\n\n<h3>5.2 Statistische Cookies<\/h3>\n<p>Wir verwenden statistische Cookies, um die Benutzererfahrung auf unserer Website zu optimieren. Mit diesen statistischen Cookies erhalten wir Erkenntnisse \u00fcber die Nutzung unserer Website. Wir bitten um Ihre Erlaubnis, statistische Cookies zu platzieren.  <\/p>\n\n<h3>5.3 Marketing-\/Tracking-Cookies<\/h3>\n<p>Marketing-\/Tracking-Cookies sind Cookies oder jede andere Form der lokalen Speicherung, die verwendet werden, um Profile von Internetnutzern zu erstellen, um Werbung anzuzeigen oder den Internetnutzer auf dieser Website oder auf mehreren Websites f\u00fcr \u00e4hnliche Marketingzwecke zu verfolgen.<\/p>\n\n<h3>5.4 Soziale Netzwerke<\/h3>\n<p>Auf unserer Website haben wir Inhalte von Facebook und LinkedIn integriert, um Webseiten zu bewerben (z. B. \u201eliken\u201c, \u201epinnen\u201c) oder sie in sozialen Netzwerken wie Facebook und LinkedIn zu teilen (z. B. \u201etweeten\u201c). Diese Inhalte werden \u00fcber einen von Facebook und LinkedIn erhaltenen Code integriert und setzen Cookies. Diese Inhalte k\u00f6nnen bestimmte Informationen f\u00fcr personalisierte Werbung speichern und verarbeiten.  <\/p>\n<p>Bitte lesen Sie die Datenschutzerkl\u00e4rung dieser sozialen Netzwerke (die regelm\u00e4\u00dfig ge\u00e4ndert werden kann), um zu erfahren, was sie mit Ihren (personenbezogenen) Daten tun, die durch die Verwendung dieser Cookies verarbeitet werden. Die erfassten Daten werden so weit wie m\u00f6glich anonymisiert. Facebook und LinkedIn befinden sich in den Vereinigten Staaten.  <\/p>\n\n<h3>6. Gesetzte Cookies<\/h3>\n<p>Google Fonts<\/p>\n<p>Marketing<br>Zustimmung zum Dienst google-fonts<br>Verwendung<br>Wir verwenden Google Fonts f\u00fcr die Anzeige von Webfonts. Weiterlesen<br>Datenfreigabe<br>F\u00fcr weitere Informationen lesen Sie bitte die Datenschutzerkl\u00e4rung von Google Fonts.<br>Marketing<br>Name<br>Google Fonts API<br>Ablauf<br>keine<br>Funktion<br>IP-Adresse des Nutzers anfordern <\/p>\n\n<p>Google Maps<br>Marketing<br>Zustimmung zum Dienst google-maps<br>Verwendung<br>Wir verwenden Google Maps f\u00fcr die Anzeige von Karten. Weiterlesen<br>Datenfreigabe<br>F\u00fcr weitere Informationen lesen Sie bitte die Datenschutzerkl\u00e4rung von Google Maps.<br>Marketing<br>Name<br>Google Maps API<br>Ablauf<br>keine<br>Funktion<br>IP-Adresse des Nutzers anfordern <\/p>\n\n<p>Facebook<br>Marketing, Funktional<br>Zustimmung zum Dienst facebook<br>Verwendung<br>Wir verwenden Facebook f\u00fcr die Anzeige aktueller sozialer Beitr\u00e4ge und\/oder Schaltfl\u00e4chen zum Teilen in sozialen Netzwerken. Weiterlesen<br>Datenfreigabe<br>F\u00fcr weitere Informationen lesen Sie bitte die Datenschutzerkl\u00e4rung von Facebook. <br>Marketing<br>Nachname<br>_fbc<br>Ablauf<br>2 Jahre<br>Funktion<br>Letzten Besuch speichern<br>Nachname<br>fbm*<br>Ablauf<br>1 Jahr<br>Funktion<br>Kontoinformationen speichern<br>Nachname<br>xs<br>Ablauf<br>3 Monate<br>Funktion<br>Eine eindeutige Sitzungs-ID speichern<br>Nachname<br>fr<br>Ablauf<br>3 Monate<br>Funktion<br>Anzeigenbereitstellung oder Retargeting aktivieren<br>Nachname<br>act<br>Ablauf<br>90 Tage<br>Funktion<br>Benutzer angemeldet lassen<br>Nachname<br>_fbp<br>Ablauf<br>3 Monate<br>Funktion<br>Besuche \u00fcber Websites hinweg speichern und verfolgen<br>Nachname<br>datr<br>Ablauf<br>2 Jahre<br>Funktion<br>Betrug verhindern<br>Nachname<br>c_user<br>Ablauf<br>30 Tage<br>Funktion<br>Eine eindeutige Benutzer-ID speichern<br>Nachname<br>sb<br>Ablauf<br>2 Jahre<br>Funktion<br>Browserinformationen speichern<br>Nachname<br>*_fbm_<br>Ablauf<br>1 Jahr<br>Funktion<br>Kontoinformationen speichern<br>Funktional<br>Nachname<br>wd<br>Ablauf<br>1 Woche<br>Funktion<br>Bildschirmaufl\u00f6sung bestimmen<br>Nachname<br>csm<br>Ablauf<br>90 Tage<br>Funktion<br>Betrug verhindern<br>Nachname<br>actppresence<br>Ablauf<br>Sitzung<br>Funktion<br>Speichern und verfolgen, ob der Browser-Tab aktiv ist<\/p>\n\n<p>LinkedIn<br>Funktional, Marketing, Statistiken, Pr\u00e4ferenzen<br>Zustimmung zum Dienst linkedin<br>Verwendung<br>Wir verwenden LinkedIn f\u00fcr die Anzeige aktueller sozialer Beitr\u00e4ge und\/oder Schaltfl\u00e4chen zum Teilen in sozialen Netzwerken. Weiterlesen<br>Datenfreigabe<br>F\u00fcr weitere Informationen lesen Sie bitte die Datenschutzerkl\u00e4rung von LinkedIn.<br>&#8230; <\/p>\n\n<h3>7. Zustimmung<\/h3>\n<p>Wenn Sie unsere Website zum ersten Mal besuchen, zeigen wir Ihnen ein Pop-up-Fenster mit einer Erkl\u00e4rung zu Cookies. Sobald Sie auf \u201eSpeichern\u201c klicken, erteilen Sie uns die Erlaubnis, die von Ihnen im Pop-up-Fenster ausgew\u00e4hlten Kategorien von Cookies und Erweiterungen zu verwenden, wie in dieser Cookie-Richtlinie beschrieben. Sie k\u00f6nnen die Verwendung von Cookies \u00fcber Ihren Browser deaktivieren, beachten Sie jedoch, dass unsere Website m\u00f6glicherweise nicht mehr ordnungsgem\u00e4\u00df funktioniert.  <\/p>\n\n<h3>7.1 Verwalten Sie Ihre Zustimmungs-Einstellungen<\/h3>\n<p>Funktional Immer aktiviert &#8230; (der Rest des Textes unver\u00e4ndert)<\/p>\n\n<h3>8. Cookies aktivieren\/deaktivieren und l\u00f6schen<\/h3>\n<p>Sie k\u00f6nnen Ihren Internetbrowser verwenden, um Cookies automatisch oder manuell zu l\u00f6schen. Sie k\u00f6nnen auch festlegen, dass bestimmte Cookies nicht platziert werden d\u00fcrfen. Eine weitere Option besteht darin, die Einstellungen Ihres Internetbrowsers so zu \u00e4ndern, dass Sie jedes Mal eine Meldung erhalten, wenn ein Cookie platziert wird. Weitere Informationen zu diesen Optionen finden Sie in den Anweisungen im Hilfebereich Ihres Browsers.   <\/p>\n<p>Bitte beachten Sie, dass unsere Website m\u00f6glicherweise nicht korrekt funktioniert, wenn alle Cookies deaktiviert sind. Wenn Sie Cookies in Ihrem Browser l\u00f6schen, werden diese nach Ihrer Zustimmung erneut platziert, wenn Sie unsere Websites erneut besuchen. <\/p>\n\n<h3>9. Ihre Rechte bez\u00fcglich personenbezogener Daten<\/h3>\n<p>Sie haben die folgenden Rechte bez\u00fcglich Ihrer personenbezogenen Daten:<\/p>\n<p>Sie haben das Recht zu erfahren, warum Ihre personenbezogenen Daten ben\u00f6tigt werden, was mit ihnen geschieht und wie lange sie aufbewahrt werden.<br>Recht auf Auskunft: Sie haben das Recht, auf Ihre personenbezogenen Daten zuzugreifen, die uns bekannt sind.<br>Recht auf Berichtigung: Sie haben das Recht, Ihre personenbezogenen Daten jederzeit zu erg\u00e4nzen, zu korrigieren, l\u00f6schen zu lassen oder zu sperren.<br>Wenn Sie uns Ihre Zustimmung zur Verarbeitung Ihrer Daten geben, haben Sie das Recht, diese Zustimmung zu widerrufen und Ihre personenbezogenen Daten l\u00f6schen zu lassen.<br>Recht auf Daten\u00fcbertragbarkeit: Sie haben das Recht, alle Ihre personenbezogenen Daten vom Verantwortlichen anzufordern und sie vollst\u00e4ndig an einen anderen Verantwortlichen zu \u00fcbertragen.<br>Widerspruchsrecht: Sie k\u00f6nnen der Verarbeitung Ihrer Daten widersprechen. Wir werden dem nachkommen, es sei denn, es liegen zwingende schutzw\u00fcrdige Gr\u00fcnde f\u00fcr die Verarbeitung vor. <\/p>\n<p>Um diese Rechte auszu\u00fcben, kontaktieren Sie uns bitte. Bitte beachten Sie die Kontaktdaten am Ende dieser Cookie-Richtlinie. Wenn Sie eine Beschwerde dar\u00fcber haben, wie wir Ihre Daten verarbeiten, w\u00fcrden wir dies gerne erfahren, aber Sie haben auch das Recht, eine Beschwerde bei der Aufsichtsbeh\u00f6rde (der f\u00fcr den Datenschutz zust\u00e4ndigen Beh\u00f6rde) einzureichen.  <\/p>\n\n<h3>10. Kontaktdaten<\/h3>\n<p>F\u00fcr Fragen und\/oder Kommentare zu unserer Cookie-Richtlinie und dieser Erkl\u00e4rung kontaktieren Sie uns bitte unter Verwendung der folgenden Kontaktdaten:<\/p>\n<p>CAMPUS CONTERN<br>19 rue Edmond Reuter L-5326 CONTERN Luxembourg<br>Luxemburg<br>Website: https:\/\/www.campuscontern.lu<br>E-Mail: ul.nretnocsupmac@selas<br>Telefonnummer: +35226352325<\/p>\n<p>Diese Cookie-Richtlinie wurde am 13. Februar 2024 mit cookiedatabase.org synchronisiert.<\/p>\n\t\t\t\t\t\t\t\t<\/div>\n\t\t\t\t<\/div>\n\t\t\t\t\t<\/div>\n\t\t\t\t<\/div>\n\t\t\t\t<\/div>\n\t\t","protected":false},"excerpt":{"rendered":"<p>Cookie-Richtlinie (EU) Diese Cookie-Richtlinie wurde zuletzt am 1. Februar 2024 aktualisiert und gilt f\u00fcr B\u00fcrger und rechtm\u00e4\u00dfige Daueraufenthaltsberechtigte des Europ\u00e4ischen Wirtschaftsraums und der Schweiz. 1. Einleitung Unsere Website, https:\/\/www.campuscontern.lu (im Folgenden: \u201edie Website\u201c), verwendet Cookies und \u00e4hnliche Technologien (der Einfachheit halber werden all diese Technologien als \u201eCookies\u201c bezeichnet). Cookies werden auch von Dritten platziert, die [&hellip;]<\/p>\n","protected":false},"author":1,"featured_media":0,"parent":0,"menu_order":0,"comment_status":"closed","ping_status":"closed","template":"","meta":{"_acf_changed":false,"ocean_post_layout":"","ocean_both_sidebars_style":"","ocean_both_sidebars_content_width":0,"ocean_both_sidebars_sidebars_width":0,"ocean_sidebar":"0","ocean_second_sidebar":"0","ocean_disable_margins":"enable","ocean_add_body_class":"","ocean_shortcode_before_top_bar":"","ocean_shortcode_after_top_bar":"","ocean_shortcode_before_header":"","ocean_shortcode_after_header":"","ocean_has_shortcode":"","ocean_shortcode_after_title":"","ocean_shortcode_before_footer_widgets":"","ocean_shortcode_after_footer_widgets":"","ocean_shortcode_before_footer_bottom":"","ocean_shortcode_after_footer_bottom":"","ocean_display_top_bar":"default","ocean_display_header":"default","ocean_header_style":"","ocean_center_header_left_menu":"0","ocean_custom_header_template":"0","ocean_custom_logo":0,"ocean_custom_retina_logo":0,"ocean_custom_logo_max_width":0,"ocean_custom_logo_tablet_max_width":0,"ocean_custom_logo_mobile_max_width":0,"ocean_custom_logo_max_height":0,"ocean_custom_logo_tablet_max_height":0,"ocean_custom_logo_mobile_max_height":0,"ocean_header_custom_menu":"0","ocean_menu_typo_font_family":"0","ocean_menu_typo_font_subset":"","ocean_menu_typo_font_size":0,"ocean_menu_typo_font_size_tablet":0,"ocean_menu_typo_font_size_mobile":0,"ocean_menu_typo_font_size_unit":"px","ocean_menu_typo_font_weight":"","ocean_menu_typo_font_weight_tablet":"","ocean_menu_typo_font_weight_mobile":"","ocean_menu_typo_transform":"","ocean_menu_typo_transform_tablet":"","ocean_menu_typo_transform_mobile":"","ocean_menu_typo_line_height":0,"ocean_menu_typo_line_height_tablet":0,"ocean_menu_typo_line_height_mobile":0,"ocean_menu_typo_line_height_unit":"","ocean_menu_typo_spacing":0,"ocean_menu_typo_spacing_tablet":0,"ocean_menu_typo_spacing_mobile":0,"ocean_menu_typo_spacing_unit":"","ocean_menu_link_color":"","ocean_menu_link_color_hover":"","ocean_menu_link_color_active":"","ocean_menu_link_background":"","ocean_menu_link_hover_background":"","ocean_menu_link_active_background":"","ocean_menu_social_links_bg":"","ocean_menu_social_hover_links_bg":"","ocean_menu_social_links_color":"","ocean_menu_social_hover_links_color":"","ocean_disable_title":"default","ocean_disable_heading":"default","ocean_post_title":"","ocean_post_subheading":"","ocean_post_title_style":"","ocean_post_title_background_color":"","ocean_post_title_background":0,"ocean_post_title_bg_image_position":"","ocean_post_title_bg_image_attachment":"","ocean_post_title_bg_image_repeat":"","ocean_post_title_bg_image_size":"","ocean_post_title_height":0,"ocean_post_title_bg_overlay":0.5,"ocean_post_title_bg_overlay_color":"","ocean_disable_breadcrumbs":"default","ocean_breadcrumbs_color":"","ocean_breadcrumbs_separator_color":"","ocean_breadcrumbs_links_color":"","ocean_breadcrumbs_links_hover_color":"","ocean_display_footer_widgets":"default","ocean_display_footer_bottom":"default","ocean_custom_footer_template":"0","footnotes":""},"class_list":["post-12288","page","type-page","status-publish","hentry","entry"],"acf":[],"yoast_head":"<!-- This site is optimized with the Yoast SEO plugin v27.4 - https:\/\/yoast.com\/product\/yoast-seo-wordpress\/ -->\n<title>EU-Cookie-Richtlinie - Campus Contern<\/title>\n<meta name=\"robots\" content=\"noindex, follow, max-snippet:-1, max-image-preview:large, max-video-preview:-1\" \/>\n<meta property=\"og:locale\" content=\"de_DE\" \/>\n<meta property=\"og:type\" content=\"article\" \/>\n<meta property=\"og:title\" content=\"EU-Cookie-Richtlinie - Campus Contern\" \/>\n<meta property=\"og:description\" content=\"Cookie-Richtlinie (EU) Diese Cookie-Richtlinie wurde zuletzt am 1. Februar 2024 aktualisiert und gilt f\u00fcr B\u00fcrger und rechtm\u00e4\u00dfige Daueraufenthaltsberechtigte des Europ\u00e4ischen Wirtschaftsraums und der Schweiz. 1. Einleitung Unsere Website, https:\/\/www.campuscontern.lu (im Folgenden: \u201edie Website\u201c), verwendet Cookies und \u00e4hnliche Technologien (der Einfachheit halber werden all diese Technologien als \u201eCookies\u201c bezeichnet). Cookies werden auch von Dritten platziert, die [&hellip;]\" \/>\n<meta property=\"og:url\" content=\"https:\/\/cc.markeasy.lu\/de\/eu-cookie-richtlinie\/\" \/>\n<meta property=\"og:site_name\" content=\"Campus Contern\" \/>\n<meta property=\"article:modified_time\" content=\"2026-04-14T08:30:16+00:00\" \/>\n<meta name=\"twitter:card\" content=\"summary_large_image\" \/>\n<meta name=\"twitter:label1\" content=\"Gesch\u00e4tzte Lesezeit\" \/>\n\t<meta name=\"twitter:data1\" content=\"6\u00a0Minuten\" \/>\n<script type=\"application\/ld+json\" class=\"yoast-schema-graph\">{\"@context\":\"https:\\\/\\\/schema.org\",\"@graph\":[{\"@type\":\"WebPage\",\"@id\":\"https:\\\/\\\/cc.markeasy.lu\\\/de\\\/eu-cookie-richtlinie\\\/\",\"url\":\"https:\\\/\\\/cc.markeasy.lu\\\/de\\\/eu-cookie-richtlinie\\\/\",\"name\":\"EU-Cookie-Richtlinie - Campus Contern\",\"isPartOf\":{\"@id\":\"https:\\\/\\\/cc.markeasy.lu\\\/de\\\/#website\"},\"datePublished\":\"2025-11-07T06:19:16+00:00\",\"dateModified\":\"2026-04-14T08:30:16+00:00\",\"breadcrumb\":{\"@id\":\"https:\\\/\\\/cc.markeasy.lu\\\/de\\\/eu-cookie-richtlinie\\\/#breadcrumb\"},\"inLanguage\":\"de\",\"potentialAction\":[{\"@type\":\"ReadAction\",\"target\":[\"https:\\\/\\\/cc.markeasy.lu\\\/de\\\/eu-cookie-richtlinie\\\/\"]}]},{\"@type\":\"BreadcrumbList\",\"@id\":\"https:\\\/\\\/cc.markeasy.lu\\\/de\\\/eu-cookie-richtlinie\\\/#breadcrumb\",\"itemListElement\":[{\"@type\":\"ListItem\",\"position\":1,\"name\":\"Accueil\",\"item\":\"https:\\\/\\\/cc.markeasy.lu\\\/de\\\/startseite\\\/\"},{\"@type\":\"ListItem\",\"position\":2,\"name\":\"EU-Cookie-Richtlinie\"}]},{\"@type\":\"WebSite\",\"@id\":\"https:\\\/\\\/cc.markeasy.lu\\\/de\\\/#website\",\"url\":\"https:\\\/\\\/cc.markeasy.lu\\\/de\\\/\",\"name\":\"Campus Contern\",\"description\":\"Location bureaux Luxembourg\",\"potentialAction\":[{\"@type\":\"SearchAction\",\"target\":{\"@type\":\"EntryPoint\",\"urlTemplate\":\"https:\\\/\\\/cc.markeasy.lu\\\/de\\\/?s={search_term_string}\"},\"query-input\":{\"@type\":\"PropertyValueSpecification\",\"valueRequired\":true,\"valueName\":\"search_term_string\"}}],\"inLanguage\":\"de\"}]}<\/script>\n<!-- \/ Yoast SEO plugin. -->","yoast_head_json":{"title":"EU-Cookie-Richtlinie - Campus Contern","robots":{"index":"noindex","follow":"follow","max-snippet":"max-snippet:-1","max-image-preview":"max-image-preview:large","max-video-preview":"max-video-preview:-1"},"og_locale":"de_DE","og_type":"article","og_title":"EU-Cookie-Richtlinie - Campus Contern","og_description":"Cookie-Richtlinie (EU) Diese Cookie-Richtlinie wurde zuletzt am 1. Februar 2024 aktualisiert und gilt f\u00fcr B\u00fcrger und rechtm\u00e4\u00dfige Daueraufenthaltsberechtigte des Europ\u00e4ischen Wirtschaftsraums und der Schweiz. 1. Einleitung Unsere Website, https:\/\/www.campuscontern.lu (im Folgenden: \u201edie Website\u201c), verwendet Cookies und \u00e4hnliche Technologien (der Einfachheit halber werden all diese Technologien als \u201eCookies\u201c bezeichnet). Cookies werden auch von Dritten platziert, die [&hellip;]","og_url":"https:\/\/cc.markeasy.lu\/de\/eu-cookie-richtlinie\/","og_site_name":"Campus Contern","article_modified_time":"2026-04-14T08:30:16+00:00","twitter_card":"summary_large_image","twitter_misc":{"Gesch\u00e4tzte Lesezeit":"6\u00a0Minuten"},"schema":{"@context":"https:\/\/schema.org","@graph":[{"@type":"WebPage","@id":"https:\/\/cc.markeasy.lu\/de\/eu-cookie-richtlinie\/","url":"https:\/\/cc.markeasy.lu\/de\/eu-cookie-richtlinie\/","name":"EU-Cookie-Richtlinie - Campus Contern","isPartOf":{"@id":"https:\/\/cc.markeasy.lu\/de\/#website"},"datePublished":"2025-11-07T06:19:16+00:00","dateModified":"2026-04-14T08:30:16+00:00","breadcrumb":{"@id":"https:\/\/cc.markeasy.lu\/de\/eu-cookie-richtlinie\/#breadcrumb"},"inLanguage":"de","potentialAction":[{"@type":"ReadAction","target":["https:\/\/cc.markeasy.lu\/de\/eu-cookie-richtlinie\/"]}]},{"@type":"BreadcrumbList","@id":"https:\/\/cc.markeasy.lu\/de\/eu-cookie-richtlinie\/#breadcrumb","itemListElement":[{"@type":"ListItem","position":1,"name":"Accueil","item":"https:\/\/cc.markeasy.lu\/de\/startseite\/"},{"@type":"ListItem","position":2,"name":"EU-Cookie-Richtlinie"}]},{"@type":"WebSite","@id":"https:\/\/cc.markeasy.lu\/de\/#website","url":"https:\/\/cc.markeasy.lu\/de\/","name":"Campus Contern","description":"Location bureaux Luxembourg","potentialAction":[{"@type":"SearchAction","target":{"@type":"EntryPoint","urlTemplate":"https:\/\/cc.markeasy.lu\/de\/?s={search_term_string}"},"query-input":{"@type":"PropertyValueSpecification","valueRequired":true,"valueName":"search_term_string"}}],"inLanguage":"de"}]}},"_links":{"self":[{"href":"https:\/\/cc.markeasy.lu\/de\/wp-json\/wp\/v2\/pages\/12288","targetHints":{"allow":["GET"]}}],"collection":[{"href":"https:\/\/cc.markeasy.lu\/de\/wp-json\/wp\/v2\/pages"}],"about":[{"href":"https:\/\/cc.markeasy.lu\/de\/wp-json\/wp\/v2\/types\/page"}],"author":[{"embeddable":true,"href":"https:\/\/cc.markeasy.lu\/de\/wp-json\/wp\/v2\/users\/1"}],"replies":[{"embeddable":true,"href":"https:\/\/cc.markeasy.lu\/de\/wp-json\/wp\/v2\/comments?post=12288"}],"version-history":[{"count":3,"href":"https:\/\/cc.markeasy.lu\/de\/wp-json\/wp\/v2\/pages\/12288\/revisions"}],"predecessor-version":[{"id":12388,"href":"https:\/\/cc.markeasy.lu\/de\/wp-json\/wp\/v2\/pages\/12288\/revisions\/12388"}],"wp:attachment":[{"href":"https:\/\/cc.markeasy.lu\/de\/wp-json\/wp\/v2\/media?parent=12288"}],"curies":[{"name":"wp","href":"https:\/\/api.w.org\/{rel}","templated":true}]}}