{"id":12292,"date":"2025-11-07T07:25:48","date_gmt":"2025-11-07T06:25:48","guid":{"rendered":"https:\/\/cc.markeasy.lu\/datenschutz-dsgvo\/"},"modified":"2026-04-14T10:30:05","modified_gmt":"2026-04-14T08:30:05","slug":"datenschutz-dsgvo","status":"publish","type":"page","link":"https:\/\/cc.markeasy.lu\/de\/datenschutz-dsgvo\/","title":{"rendered":"Datenschutz DSGVO"},"content":{"rendered":"\t\t<div data-elementor-type=\"wp-page\" data-elementor-id=\"12292\" class=\"elementor elementor-12292 elementor-3703\" data-elementor-post-type=\"page\">\n\t\t\t\t<div class=\"elementor-element elementor-element-c911b25 e-flex e-con-boxed e-con e-parent\" data-id=\"c911b25\" data-element_type=\"container\" data-e-type=\"container\" data-settings=\"{&quot;background_background&quot;:&quot;classic&quot;}\">\n\t\t\t\t\t<div class=\"e-con-inner\">\n\t\t\t\t<div class=\"elementor-element elementor-element-2862eb2 elementor-widget__width-inherit elementor-widget elementor-widget-heading\" data-id=\"2862eb2\" data-element_type=\"widget\" data-e-type=\"widget\" data-widget_type=\"heading.default\">\n\t\t\t\t<div class=\"elementor-widget-container\">\n\t\t\t\t\t<h1 class=\"elementor-heading-title elementor-size-default\">Datenschutz \u2013 DSGVO<\/h1>\t\t\t\t<\/div>\n\t\t\t\t<\/div>\n\t\t\t\t<div class=\"elementor-element elementor-element-b69ce79 elementor-widget elementor-widget-text-editor\" data-id=\"b69ce79\" data-element_type=\"widget\" data-e-type=\"widget\" data-widget_type=\"text-editor.default\">\n\t\t\t\t<div class=\"elementor-widget-container\">\n\t\t\t\t\t\t\t\t\t<h3>Impressum und Verarbeitung und Schutz personenbezogener Daten<\/h3><h3>Impressum<\/h3><p>Campus Contern Offices S.A., Rue Edmond Reuter 19, L-5326 Contern (RCS LU: B 248.039), im Folgenden auch Campus Contern genannt, ist der Verantwortliche f\u00fcr die Verarbeitung der personenbezogenen Daten, die sie von ihren Kunden und potenziellen Kunden im Rahmen von Transaktionen und Dienstleistungen auf dem Campus Contern Gel\u00e4nde in 5326 Contern, 19 \u2013 Rue Edmond Reuter, Luxemburg, erh\u00e4lt.<\/p><p>Die in diesem Dokument enthaltenen Grunds\u00e4tze und Pflichten gelten f\u00fcr jedes zu Campus Contern geh\u00f6rende Unternehmen, das als Eigent\u00fcmer auf dem Gel\u00e4nde agiert (also auch Campus Contern \u00c9pervier S.A. als verbundenes Unternehmen).<\/p><p>F\u00fcr alle Fragen zur Verarbeitung Ihrer personenbezogenen Daten k\u00f6nnen Sie eine Nachricht an unseren DSGVO-Beauftragten senden: privacy@campuscontern.lu ((+352) 26 35 23 25) oder einen Brief an Campus Contern Offices S.A., 19 Rue Edmond Reuter, 5326 Contern, Luxemburg senden.<\/p><p>Handels- und Gesellschaftsregisternummer: B248.039<\/p><p>Die Nachricht wird von der f\u00fcr die DSGVO zust\u00e4ndigen Person bearbeitet (Gesetzgebung zum Datenschutz und zur Privatsph\u00e4re im Gro\u00dfherzogtum Luxemburg sowie Verordnung 2016\/679 des Europ\u00e4ischen Parlaments und des Rates vom 27. April 2016 zum Schutz nat\u00fcrlicher Personen bei der Verarbeitung personenbezogener Daten, zum freien Datenverkehr und zur Aufhebung der Richtlinie 95\/46\/EG sowie den europ\u00e4ischen und nationalen Vorschriften zu deren Umsetzung).<\/p><h3>Grunds\u00e4tze \u2013 Zwecke \u2013 Betroffene Personen \u2013 Kategorien personenbezogener Daten<\/h3><p>Wir erheben personenbezogene Daten, die Sie uns freiwillig mitteilen, indem Sie sich beispielsweise f\u00fcr unseren Newsletter anmelden, Kontaktformulare ausf\u00fcllen und uns eine E-Mail senden.<\/p><p>Wir erfassen auch Daten aus Ihrer Nutzung der Website und ihrer Dienste, wenn Sie Webseiten besuchen und Formulare ausf\u00fcllen (siehe Cookie-Richtlinie).<\/p><p>Grunds\u00e4tzlich werden Ihre personenbezogenen Daten nur zur Bearbeitung Ihrer Anfragen verwendet.<\/p><p>Campus Contern verarbeitet personenbezogene Daten im Rahmen von Transaktionen und Vereinbarungen, die sich auf das Campus Contern Gel\u00e4nde beziehen. Dabei handelt es sich haupts\u00e4chlich um berufliche personenbezogene Daten von Kunden oder potenziellen Kunden von Campus Contern. <\/p><p>Die Verarbeitung erfolgt somit ausschlie\u00dflich, um Kunden und potenziellen Kunden Dienstleistungen anbieten zu k\u00f6nnen, abgeschlossene Vertr\u00e4ge auszuf\u00fchren und die Verwaltung\/Buchhaltung der Kunden zu f\u00fchren. Die Verarbeitung ist somit auf das beschr\u00e4nkt, was f\u00fcr die Ausf\u00fchrung von Vereinbarungen und f\u00fcr die von Campus Contern verfolgten berechtigten Interessen notwendig ist (unter anderem das Anbieten von Dienstleistungen f\u00fcr potenzielle und interessierte Kunden). <\/p><p>Grunds\u00e4tzlich sind die verarbeiteten personenbezogenen Daten sehr begrenzt auf das, was f\u00fcr Campus Contern notwendig ist, um ihre vertraglichen Verpflichtungen zu erf\u00fcllen, das Gel\u00e4nde zu verwalten und Dienstleistungen f\u00fcr Kunden anzubieten (Daten einer Kontaktperson beim Kunden, E-Mail und berufl. Telefonnummer). Campus Contern verarbeitet keine sensiblen Daten. <\/p><p>Die Daten werden zentralisiert in der CRM-Datenbank von Campus Contern.<\/p><p>Campus Contern verwendet keine automatisierten Prozesse oder Profiling.<\/p><p>Wenn Sie ein Immobilienprofi sind, senden wir Ihnen regelm\u00e4\u00dfig unseren Newsletter.<\/p><p>Wenn Sie Mieter oder P\u00e4chter sind, werden Ihre Daten in erster Linie zur Verwaltung Ihrer Akte und des Mietvertrags sowie dessen Ausf\u00fchrung, auch durch den Property Manager, verwendet und in zweiter Linie, um Ihnen Informationen \u00fcber Veranstaltungen, Dienstleistungen auf Campus Contern und f\u00fcr Zufriedenheitsumfragen zuzusenden.<\/p><p>Es kann auch vorkommen, dass personenbezogene Daten \u00fcberpr\u00fcft werden, bevor ein Vertrag abgeschlossen oder eine Anfrage im Rahmen unserer \u201eKundenannahme\u201c-Verfahren bearbeitet wird.<\/p><h3>Empf\u00e4nger personenbezogener Daten \u2013 Auftragsverarbeiter<\/h3><p>Campus Contern kann seinen Mitarbeitern und Beauftragten Zugang zu den Daten gew\u00e4hren, wird diesen Zugang jedoch auf Personen beschr\u00e4nken, die ihn zur Erf\u00fcllung der Pflichten von Campus Contern ben\u00f6tigen.<\/p><p>Campus Contern hat einen Auftragsverarbeiter, der personenbezogene Daten ausschlie\u00dflich im Auftrag von Campus Contern und zur Erf\u00fcllung der \u201eProperty-Management\u201c-Pflichten auf dem Campus Contern Gel\u00e4nde und gem\u00e4\u00df den Anweisungen von Campus Contern verarbeitet und nutzt.<\/p><p>Es gibt weitere Auftragsverarbeiter, wie nachstehend aufgef\u00fchrt, insbesondere im Rahmen der Anwendung von \u201eCookies\u201c.<\/p><p>Personenbezogene Daten werden nicht au\u00dferhalb des Europ\u00e4ischen Wirtschaftsraums (d.h. die Europ\u00e4ische Union, Liechtenstein, Island und Norwegen) \u00fcbermittelt, es sei denn, das betreffende Land oder die betreffende(n) Organisation(en), an das\/die die personenbezogenen Daten \u00fcbermittelt werden, gew\u00e4hrleistet\/gew\u00e4hrleisten ein angemessenes Schutzniveau. Es wird jedoch auch auf die Cookie-Richtlinie verwiesen, angesichts der beteiligten Auftragsverarbeiter. <\/p><h3>Organisatorische und technische Sicherheitsma\u00dfnahmen<\/h3><p>Campus Contern verf\u00fcgt \u00fcber angemessene technische und organisatorische Sicherheitsma\u00dfnahmen zum Schutz personenbezogener Daten, unter anderem gegen Zerst\u00f6rung, Verlust, Ver\u00e4nderung, unbefugte Offenlegung oder unbefugten Zugriff. Diese Ma\u00dfnahmen sind angesichts der Art, des Umfangs, des Kontexts und der Zwecke der Verarbeitung sowie der Nutzungsrisiken und der wahrscheinlichen Auswirkungen auf die Freiheiten und Rechte der betroffenen Personen im Falle einer Datenverletzung recht standardisiert. <\/p><h3>Datenspeicherung<\/h3><p>Campus Contern speichert und bewahrt personenbezogene Daten so lange auf, wie es notwendig ist (a) aufgrund von Verj\u00e4hrungsfristen, innerhalb derer die betroffenen Personen ihre Rechte gerichtlich gegen unser Unternehmen geltend machen k\u00f6nnen, (b) n\u00fctzlich im Hinblick auf gesch\u00e4ftliche Ziele und um registrierte Personen zu informieren und ihnen Angebote zu unterbreiten, (c) zur Erf\u00fcllung ihrer Pflichten als Eigent\u00fcmer auf dem Campus Contern Gel\u00e4nde gem\u00e4\u00df den geltenden Vereinbarungen und Vorschriften sowie der Gesch\u00e4ftsbeziehung, (d) danach passiv in Abh\u00e4ngigkeit von gesetzlichen Verpflichtungen und der Notwendigkeit, dass bestimmte Dateien, die personenbezogene Daten enthalten, noch eingesehen werden k\u00f6nnen.    <\/p><h3>Rechte der betroffenen Personen<\/h3><p>Jede betroffene Person hat:<\/p><p>Das Auskunftsrecht \u2013 das Recht, eine Kopie aller personenbezogenen Daten zu erhalten, die Campus Contern \u00fcber sie besitzt.<br>Das Recht auf Berichtigung personenbezogener Daten, die von Campus Contern erhoben werden.<br>Das Recht, die L\u00f6schung personenbezogener Daten zu verlangen, es sei denn, ein legitimer Grund rechtfertigt deren Speicherung.<br>Das Recht, personenbezogene Daten in einem strukturierten, g\u00e4ngigen und maschinenlesbaren Format zu erhalten, um sie an eine andere Stelle zu \u00fcbermitteln.<br>Das Recht, aus Gr\u00fcnden, die sich aus ihrer besonderen Situation ergeben, jederzeit gegen die Verarbeitung personenbezogener Daten Widerspruch einzulegen, es sei denn, es liegen zwingende schutzw\u00fcrdige Gr\u00fcnde f\u00fcr die Fortsetzung der Verarbeitung vor.<br>Das Recht, eine Einschr\u00e4nkung der Verarbeitung ihrer Daten zu verlangen.<\/p><p>Zur Aus\u00fcbung Ihrer Rechte k\u00f6nnen Sie eine E-Mail an die oben genannte Adresse (privacy@campuscontern.lu) senden. Wir werden innerhalb von 30 Tagen antworten, nachdem die Identit\u00e4t der Person, die eine Anfrage bez\u00fcglich personenbezogener Daten bei Campus Contern stellt, \u00fcberpr\u00fcft wurde. <\/p><h3>Recht auf Beschwerde<\/h3><p>Obwohl Campus Contern gro\u00dfen Wert auf die Einhaltung der Gesetzgebung zum Schutz und zur Verarbeitung personenbezogener Daten legt, k\u00f6nnen Sie sich jederzeit bei der zust\u00e4ndigen Beh\u00f6rde in Ihrem Wohnsitzland oder bei<\/p><p>NATIONALE KOMMISSION F\u00dcR DATENSCHUTZ<br>1, avenue du Rock\u2019n\u2019Roll<br>L-4361 Esch-sur-Alzette<br>Nach Vereinbarung:<br>Montag bis Freitag (09:00-12:00 Uhr, 14:15-16:30 Uhr)<br>Tel.: (+352) 26 10 60 -1<br>Fax: (+352) 26 10 60 \u2013 29  <\/p><p>Beschwerdestelle<br>1, avenue du Rock\u2019n\u2019Roll<br>L-4361 Esch-sur-Alzette<\/p><h3>ZUSAMMENFASSUNG<\/h3><p>Verantwortlicher f\u00fcr die Verarbeitung Campus Contern Offices S.A.<br>19 Rue Edmond Reuter<br>L-5326 Contern<br>Art und Zweck der Verarbeitung: Die Verwaltung des Campus Contern Gel\u00e4ndes durch den Eigent\u00fcmer, die Ausf\u00fchrung von Vereinbarungen mit den Nutzern des Gel\u00e4ndes, die Information und das Anbieten von Dienstleistungen f\u00fcr die Nutzer des Gel\u00e4ndes, die Bearbeitung von Anfragen von Kunden oder interessierten Personen<br>Arten der verarbeiteten personenbezogenen Daten: Die personenbezogenen Daten sind sehr begrenzt (Kontaktperson f\u00fcr das Unternehmen \/ berufliche E-Mail \/ berufl. Telefonnummer)<br>Daten \u00fcber die juristische Person (das Unternehmen, die Gesellschaft) des Kunden.<br>Kategorien betroffener Personen: Die Kontaktpersonen oder Vertreter der Nutzer oder potenziellen Nutzer des Campus Contern Gel\u00e4ndes<br>Ort(e) der Verarbeitung personenbezogener Daten: Microsoft Cloud mit Microsoft Cloud Security<br>Server oder Cloud-Dienste von Auftragsverarbeitern (Prozessoren) wie Facebook\/Google\/LinkedIn (sehr begrenzt \u2013 vgl. Cookie-Richtlinie), die sich in ihren Allgemeinen Gesch\u00e4ftsbedingungen zur Einhaltung der DSGVO-Gesetzgebung verpflichten.<br>Drittl\u00e4nder, in die personenbezogene Daten \u00fcbermittelt werden: Keine, au\u00dfer der M\u00f6glichkeit, einen IT-Dienstleister oder -Anbieter mit Diensten oder Servern in Drittl\u00e4ndern zu haben, aber dann in jedem Fall unter Einhaltung der DSGVO und, falls m\u00f6glich, unter der Bedingung, dass dies innerhalb der EU geschieht.<br>Auftragsverarbeiter (Anbieter): Der Property Manager des Campus Contern Gel\u00e4ndes, als Beauftragter im Namen der Campus Contern Offices S.A.<br>Cobelpro S.A. Luxemburg, 12 Av. du Swing, 4367 Esch-Belval Belvaux Sanem, Luxemburg; info@cobelpro.eu<br>Unser IT-Infrastrukturmanager: Proof- IT S\u00e0rl, Straatsburgdok-Noordkaai 3, 2030 Antwerpen, Belgien (RPM: 0794.381.005); sp@proofit.be<br>CRM-Tool: Efficy Luxembourg S.A., 4, rue d\u2019Arlon<br>L \u2013 8399 Windhof, (RCS LU B186961); privacy@efficy.com<br>Microsoft\/ Microsoft Cloud<br>https:\/\/www.microsoft.com\/en-us\/trust-center\/privacy\/gdpr-overview<br>Diese Unternehmen haben sich verpflichtet, die DSGVO-Gesetzgebung bei jeder Datenverarbeitung einzuhalten.<br>Insbesondere im Rahmen von \u201eCookies\u201c die nachstehend genannten Auftragsverarbeiter, jedoch sehr begrenzt.<br>Speicherung: (a) solange eine Gesch\u00e4ftsbeziehung mit dem Unternehmen besteht, mit dem die betroffene Person verbunden ist<br>(b) danach passiv im Hinblick auf gesetzliche Verpflichtungen (Buchhaltung \/ Erf\u00fcllung vertraglicher und gesetzlicher Pflichten), wo<br>(c) zur Erbringung von Dienstleistungen (Marketing)<br>Kontaktadresse: Privacy@campuscontern.lu<\/p><p>Weitere Anbieter (Auftragsverarbeiter) \u2013 siehe auch unsere Cookie-Richtlinie<\/p><p>Name und Adresse des Anbieters Land der Datenspeicherung Art des Dienstes Betroffene Daten<\/p><p>Facebook Ireland Ltd.<br>4 Grand Canal Square<br>Grand Canal Harbour<br>Dublin 2<br>Irland Mitgliedsl\u00e4nder der Europ\u00e4ischen Union &amp; USA Soziale Medien COOKIE: Seitenaufrufe, technische Daten des Browsers und des zur Verbindung mit der Website verwendeten Tools.<br>Google LLC<br>1600 Amphitheatre Parkway<br>Mountain View, CA 94043<br>USA Mitgliedsl\u00e4nder der Europ\u00e4ischen Union &amp; USA Statistische Analysen (Google Analytics), soziale Medien (Google+), Google Fonts COOKIE: Seitenaufrufe, Klicks, technische Daten des Browsers und des zur Verbindung mit der Website verwendeten Tools.<br>LinkedIn Ireland Unlimited Company<br>Wilton Plaza, Wilton Pl, Grand Canal Dock, Dublin 2, Irland<br>Mitgliedsl\u00e4nder der Europ\u00e4ischen Union Soziale Medien COOKIE: Seitenaufrufe, technische Daten des Browsers und des zur Verbindung mit der Website verwendeten Tools.<\/p>\t\t\t\t\t\t\t\t<\/div>\n\t\t\t\t<\/div>\n\t\t\t\t\t<\/div>\n\t\t\t\t<\/div>\n\t\t\t\t<\/div>\n\t\t","protected":false},"excerpt":{"rendered":"<p>Datenschutz \u2013 DSGVO Impressum und Verarbeitung und Schutz personenbezogener Daten Impressum Campus Contern Offices S.A., Rue Edmond Reuter 19, L-5326 Contern (RCS LU: B 248.039), im Folgenden auch Campus Contern genannt, ist der Verantwortliche f\u00fcr die Verarbeitung der personenbezogenen Daten, die sie von ihren Kunden und potenziellen Kunden im Rahmen von Transaktionen und Dienstleistungen auf [&hellip;]<\/p>\n","protected":false},"author":1,"featured_media":0,"parent":0,"menu_order":0,"comment_status":"closed","ping_status":"closed","template":"","meta":{"_acf_changed":false,"ocean_post_layout":"","ocean_both_sidebars_style":"","ocean_both_sidebars_content_width":0,"ocean_both_sidebars_sidebars_width":0,"ocean_sidebar":"0","ocean_second_sidebar":"0","ocean_disable_margins":"enable","ocean_add_body_class":"","ocean_shortcode_before_top_bar":"","ocean_shortcode_after_top_bar":"","ocean_shortcode_before_header":"","ocean_shortcode_after_header":"","ocean_has_shortcode":"","ocean_shortcode_after_title":"","ocean_shortcode_before_footer_widgets":"","ocean_shortcode_after_footer_widgets":"","ocean_shortcode_before_footer_bottom":"","ocean_shortcode_after_footer_bottom":"","ocean_display_top_bar":"default","ocean_display_header":"default","ocean_header_style":"","ocean_center_header_left_menu":"0","ocean_custom_header_template":"0","ocean_custom_logo":0,"ocean_custom_retina_logo":0,"ocean_custom_logo_max_width":0,"ocean_custom_logo_tablet_max_width":0,"ocean_custom_logo_mobile_max_width":0,"ocean_custom_logo_max_height":0,"ocean_custom_logo_tablet_max_height":0,"ocean_custom_logo_mobile_max_height":0,"ocean_header_custom_menu":"0","ocean_menu_typo_font_family":"0","ocean_menu_typo_font_subset":"","ocean_menu_typo_font_size":0,"ocean_menu_typo_font_size_tablet":0,"ocean_menu_typo_font_size_mobile":0,"ocean_menu_typo_font_size_unit":"px","ocean_menu_typo_font_weight":"","ocean_menu_typo_font_weight_tablet":"","ocean_menu_typo_font_weight_mobile":"","ocean_menu_typo_transform":"","ocean_menu_typo_transform_tablet":"","ocean_menu_typo_transform_mobile":"","ocean_menu_typo_line_height":0,"ocean_menu_typo_line_height_tablet":0,"ocean_menu_typo_line_height_mobile":0,"ocean_menu_typo_line_height_unit":"","ocean_menu_typo_spacing":0,"ocean_menu_typo_spacing_tablet":0,"ocean_menu_typo_spacing_mobile":0,"ocean_menu_typo_spacing_unit":"","ocean_menu_link_color":"","ocean_menu_link_color_hover":"","ocean_menu_link_color_active":"","ocean_menu_link_background":"","ocean_menu_link_hover_background":"","ocean_menu_link_active_background":"","ocean_menu_social_links_bg":"","ocean_menu_social_hover_links_bg":"","ocean_menu_social_links_color":"","ocean_menu_social_hover_links_color":"","ocean_disable_title":"default","ocean_disable_heading":"default","ocean_post_title":"","ocean_post_subheading":"","ocean_post_title_style":"","ocean_post_title_background_color":"","ocean_post_title_background":0,"ocean_post_title_bg_image_position":"","ocean_post_title_bg_image_attachment":"","ocean_post_title_bg_image_repeat":"","ocean_post_title_bg_image_size":"","ocean_post_title_height":0,"ocean_post_title_bg_overlay":0.5,"ocean_post_title_bg_overlay_color":"","ocean_disable_breadcrumbs":"default","ocean_breadcrumbs_color":"","ocean_breadcrumbs_separator_color":"","ocean_breadcrumbs_links_color":"","ocean_breadcrumbs_links_hover_color":"","ocean_display_footer_widgets":"default","ocean_display_footer_bottom":"default","ocean_custom_footer_template":"0","footnotes":""},"class_list":["post-12292","page","type-page","status-publish","hentry","entry"],"acf":[],"yoast_head":"<!-- This site is optimized with the Yoast SEO plugin v27.4 - https:\/\/yoast.com\/product\/yoast-seo-wordpress\/ -->\n<title>Datenschutz DSGVO - Campus Contern<\/title>\n<meta name=\"robots\" content=\"noindex, follow, max-snippet:-1, max-image-preview:large, max-video-preview:-1\" \/>\n<meta property=\"og:locale\" content=\"de_DE\" \/>\n<meta property=\"og:type\" content=\"article\" \/>\n<meta property=\"og:title\" content=\"Datenschutz DSGVO - Campus Contern\" \/>\n<meta property=\"og:description\" content=\"Datenschutz \u2013 DSGVO Impressum und Verarbeitung und Schutz personenbezogener Daten Impressum Campus Contern Offices S.A., Rue Edmond Reuter 19, L-5326 Contern (RCS LU: B 248.039), im Folgenden auch Campus Contern genannt, ist der Verantwortliche f\u00fcr die Verarbeitung der personenbezogenen Daten, die sie von ihren Kunden und potenziellen Kunden im Rahmen von Transaktionen und Dienstleistungen auf [&hellip;]\" \/>\n<meta property=\"og:url\" content=\"https:\/\/cc.markeasy.lu\/de\/datenschutz-dsgvo\/\" \/>\n<meta property=\"og:site_name\" content=\"Campus Contern\" \/>\n<meta property=\"article:modified_time\" content=\"2026-04-14T08:30:05+00:00\" \/>\n<meta name=\"twitter:card\" content=\"summary_large_image\" \/>\n<meta name=\"twitter:label1\" content=\"Gesch\u00e4tzte Lesezeit\" \/>\n\t<meta name=\"twitter:data1\" content=\"8\u00a0Minuten\" \/>\n<script type=\"application\/ld+json\" class=\"yoast-schema-graph\">{\"@context\":\"https:\\\/\\\/schema.org\",\"@graph\":[{\"@type\":\"WebPage\",\"@id\":\"https:\\\/\\\/cc.markeasy.lu\\\/de\\\/datenschutz-dsgvo\\\/\",\"url\":\"https:\\\/\\\/cc.markeasy.lu\\\/de\\\/datenschutz-dsgvo\\\/\",\"name\":\"Datenschutz DSGVO - Campus Contern\",\"isPartOf\":{\"@id\":\"https:\\\/\\\/cc.markeasy.lu\\\/de\\\/#website\"},\"datePublished\":\"2025-11-07T06:25:48+00:00\",\"dateModified\":\"2026-04-14T08:30:05+00:00\",\"breadcrumb\":{\"@id\":\"https:\\\/\\\/cc.markeasy.lu\\\/de\\\/datenschutz-dsgvo\\\/#breadcrumb\"},\"inLanguage\":\"de\",\"potentialAction\":[{\"@type\":\"ReadAction\",\"target\":[\"https:\\\/\\\/cc.markeasy.lu\\\/de\\\/datenschutz-dsgvo\\\/\"]}]},{\"@type\":\"BreadcrumbList\",\"@id\":\"https:\\\/\\\/cc.markeasy.lu\\\/de\\\/datenschutz-dsgvo\\\/#breadcrumb\",\"itemListElement\":[{\"@type\":\"ListItem\",\"position\":1,\"name\":\"Accueil\",\"item\":\"https:\\\/\\\/cc.markeasy.lu\\\/de\\\/startseite\\\/\"},{\"@type\":\"ListItem\",\"position\":2,\"name\":\"Datenschutz DSGVO\"}]},{\"@type\":\"WebSite\",\"@id\":\"https:\\\/\\\/cc.markeasy.lu\\\/de\\\/#website\",\"url\":\"https:\\\/\\\/cc.markeasy.lu\\\/de\\\/\",\"name\":\"Campus Contern\",\"description\":\"Location bureaux Luxembourg\",\"potentialAction\":[{\"@type\":\"SearchAction\",\"target\":{\"@type\":\"EntryPoint\",\"urlTemplate\":\"https:\\\/\\\/cc.markeasy.lu\\\/de\\\/?s={search_term_string}\"},\"query-input\":{\"@type\":\"PropertyValueSpecification\",\"valueRequired\":true,\"valueName\":\"search_term_string\"}}],\"inLanguage\":\"de\"}]}<\/script>\n<!-- \/ Yoast SEO plugin. -->","yoast_head_json":{"title":"Datenschutz DSGVO - Campus Contern","robots":{"index":"noindex","follow":"follow","max-snippet":"max-snippet:-1","max-image-preview":"max-image-preview:large","max-video-preview":"max-video-preview:-1"},"og_locale":"de_DE","og_type":"article","og_title":"Datenschutz DSGVO - Campus Contern","og_description":"Datenschutz \u2013 DSGVO Impressum und Verarbeitung und Schutz personenbezogener Daten Impressum Campus Contern Offices S.A., Rue Edmond Reuter 19, L-5326 Contern (RCS LU: B 248.039), im Folgenden auch Campus Contern genannt, ist der Verantwortliche f\u00fcr die Verarbeitung der personenbezogenen Daten, die sie von ihren Kunden und potenziellen Kunden im Rahmen von Transaktionen und Dienstleistungen auf [&hellip;]","og_url":"https:\/\/cc.markeasy.lu\/de\/datenschutz-dsgvo\/","og_site_name":"Campus Contern","article_modified_time":"2026-04-14T08:30:05+00:00","twitter_card":"summary_large_image","twitter_misc":{"Gesch\u00e4tzte Lesezeit":"8\u00a0Minuten"},"schema":{"@context":"https:\/\/schema.org","@graph":[{"@type":"WebPage","@id":"https:\/\/cc.markeasy.lu\/de\/datenschutz-dsgvo\/","url":"https:\/\/cc.markeasy.lu\/de\/datenschutz-dsgvo\/","name":"Datenschutz DSGVO - Campus Contern","isPartOf":{"@id":"https:\/\/cc.markeasy.lu\/de\/#website"},"datePublished":"2025-11-07T06:25:48+00:00","dateModified":"2026-04-14T08:30:05+00:00","breadcrumb":{"@id":"https:\/\/cc.markeasy.lu\/de\/datenschutz-dsgvo\/#breadcrumb"},"inLanguage":"de","potentialAction":[{"@type":"ReadAction","target":["https:\/\/cc.markeasy.lu\/de\/datenschutz-dsgvo\/"]}]},{"@type":"BreadcrumbList","@id":"https:\/\/cc.markeasy.lu\/de\/datenschutz-dsgvo\/#breadcrumb","itemListElement":[{"@type":"ListItem","position":1,"name":"Accueil","item":"https:\/\/cc.markeasy.lu\/de\/startseite\/"},{"@type":"ListItem","position":2,"name":"Datenschutz DSGVO"}]},{"@type":"WebSite","@id":"https:\/\/cc.markeasy.lu\/de\/#website","url":"https:\/\/cc.markeasy.lu\/de\/","name":"Campus Contern","description":"Location bureaux Luxembourg","potentialAction":[{"@type":"SearchAction","target":{"@type":"EntryPoint","urlTemplate":"https:\/\/cc.markeasy.lu\/de\/?s={search_term_string}"},"query-input":{"@type":"PropertyValueSpecification","valueRequired":true,"valueName":"search_term_string"}}],"inLanguage":"de"}]}},"_links":{"self":[{"href":"https:\/\/cc.markeasy.lu\/de\/wp-json\/wp\/v2\/pages\/12292","targetHints":{"allow":["GET"]}}],"collection":[{"href":"https:\/\/cc.markeasy.lu\/de\/wp-json\/wp\/v2\/pages"}],"about":[{"href":"https:\/\/cc.markeasy.lu\/de\/wp-json\/wp\/v2\/types\/page"}],"author":[{"embeddable":true,"href":"https:\/\/cc.markeasy.lu\/de\/wp-json\/wp\/v2\/users\/1"}],"replies":[{"embeddable":true,"href":"https:\/\/cc.markeasy.lu\/de\/wp-json\/wp\/v2\/comments?post=12292"}],"version-history":[{"count":3,"href":"https:\/\/cc.markeasy.lu\/de\/wp-json\/wp\/v2\/pages\/12292\/revisions"}],"predecessor-version":[{"id":12374,"href":"https:\/\/cc.markeasy.lu\/de\/wp-json\/wp\/v2\/pages\/12292\/revisions\/12374"}],"wp:attachment":[{"href":"https:\/\/cc.markeasy.lu\/de\/wp-json\/wp\/v2\/media?parent=12292"}],"curies":[{"name":"wp","href":"https:\/\/api.w.org\/{rel}","templated":true}]}}